{"id":372400,"date":"2022-08-17T16:55:35","date_gmt":"2022-08-17T16:55:35","guid":{"rendered":"https:\/\/lesgalerieskirkland.com\/nous-trouver\/"},"modified":"2022-10-20T18:19:40","modified_gmt":"2022-10-20T18:19:40","slug":"nous-trouver","status":"publish","type":"page","link":"https:\/\/lesgalerieskirkland.com\/fr\/nous-trouver\/","title":{"rendered":"Nous trouver"},"content":{"rendered":"<p>[et_pb_section fb_built=\u00a0\u00bb1&Prime; custom_padding_last_edited=\u00a0\u00bbon|phone\u00a0\u00bb admin_label=\u00a0\u00bbHeader\u00a0\u00bb _builder_version=\u00a0\u00bb4.18.0&Prime; use_background_color_gradient=\u00a0\u00bbon\u00a0\u00bb background_color_gradient_stops=\u00a0\u00bbrgba(0,0,0,0.85) 35%|rgba(224,153,0,0) 100%\u00a0\u00bb background_color_gradient_overlays_image=\u00a0\u00bbon\u00a0\u00bb background_color_gradient_start=\u00a0\u00bbrgba(0,0,0,0.65)\u00a0\u00bb background_color_gradient_end=\u00a0\u00bbrgba(224,153,0,0)\u00a0\u00bb background_image=\u00a0\u00bbhttps:\/\/lesgalerieskirkland.com\/wp-content\/uploads\/2022\/08\/galeries-kirkland_retail-mall.jpg\u00a0\u00bb custom_margin=\u00a0\u00bb-83px||||false|false\u00a0\u00bb custom_padding=\u00a0\u00bb8vw||8vw||true|false\u00a0\u00bb custom_padding_tablet=\u00a0\u00bb15vw||10vw||false|false\u00a0\u00bb custom_padding_phone=\u00a0\u00bb20vw||15vw||false|false\u00a0\u00bb bottom_divider_style=\u00a0\u00bbslant2&Prime; bottom_divider_color=\u00a0\u00bbrgba(0,0,0,0.38)\u00a0\u00bb bottom_divider_height=\u00a0\u00bb100%\u00a0\u00bb bottom_divider_flip=\u00a0\u00bbhorizontal\u00a0\u00bb global_colors_info=\u00a0\u00bb{}\u00a0\u00bb][et_pb_row _builder_version=\u00a0\u00bb4.18.0&Prime; width=\u00a0\u00bb70%\u00a0\u00bb max_width=\u00a0\u00bb400px\u00a0\u00bb module_alignment=\u00a0\u00bbcenter\u00a0\u00bb custom_margin=\u00a0\u00bb|auto||219px||\u00a0\u00bb custom_padding=\u00a0\u00bb0|0px|0|0px|true|false\u00a0\u00bb border_color_all=\u00a0\u00bb#ffa53b\u00a0\u00bb global_colors_info=\u00a0\u00bb{}\u00a0\u00bb][et_pb_column type=\u00a0\u00bb4_4&Prime; _builder_version=\u00a0\u00bb4.18.0&Prime; custom_padding=\u00a0\u00bb|||\u00a0\u00bb global_colors_info=\u00a0\u00bb{}\u00a0\u00bb custom_padding__hover=\u00a0\u00bb|||\u00a0\u00bb][et_pb_text _builder_version=\u00a0\u00bb4.18.0&Prime; header_font=\u00a0\u00bb|||on|||||\u00a0\u00bb header_text_align=\u00a0\u00bbcenter\u00a0\u00bb header_text_color=\u00a0\u00bb#F6F3EF\u00a0\u00bb header_font_size=\u00a0\u00bb40px\u00a0\u00bb header_letter_spacing=\u00a0\u00bb0.1em\u00a0\u00bb header_line_height=\u00a0\u00bb1.4em\u00a0\u00bb background_enable_color=\u00a0\u00bboff\u00a0\u00bb max_width=\u00a0\u00bb800px\u00a0\u00bb custom_margin=\u00a0\u00bb||0px\u00a0\u00bb custom_padding=\u00a0\u00bb9px|10px|9px|20px|true|false\u00a0\u00bb header_font_size_tablet=\u00a0\u00bb40px\u00a0\u00bb header_font_size_phone=\u00a0\u00bb30px\u00a0\u00bb header_font_size_last_edited=\u00a0\u00bbon|phone\u00a0\u00bb global_colors_info=\u00a0\u00bb{}\u00a0\u00bb]<\/p>\n<h1>Nous trouver<\/h1>\n<p>[\/et_pb_text][et_pb_divider color=\u00a0\u00bb#B48C41&Prime; divider_weight=\u00a0\u00bb4px\u00a0\u00bb _builder_version=\u00a0\u00bb4.18.0&Prime; _module_preset=\u00a0\u00bbdefault\u00a0\u00bb width=\u00a0\u00bb150px\u00a0\u00bb module_alignment=\u00a0\u00bbcenter\u00a0\u00bb global_colors_info=\u00a0\u00bb{}\u00a0\u00bb][\/et_pb_divider][\/et_pb_column][\/et_pb_row][\/et_pb_section][et_pb_section fb_built=\u00a0\u00bb1&Prime; _builder_version=\u00a0\u00bb4.18.0&Prime; _module_preset=\u00a0\u00bbdefault\u00a0\u00bb global_colors_info=\u00a0\u00bb{}\u00a0\u00bb][et_pb_row _builder_version=\u00a0\u00bb4.18.0&Prime; _module_preset=\u00a0\u00bbdefault\u00a0\u00bb global_colors_info=\u00a0\u00bb{}\u00a0\u00bb][et_pb_column type=\u00a0\u00bb4_4&Prime; _builder_version=\u00a0\u00bb4.18.0&Prime; _module_preset=\u00a0\u00bbdefault\u00a0\u00bb global_colors_info=\u00a0\u00bb{}\u00a0\u00bb][et_pb_text _builder_version=\u00a0\u00bb4.18.0&Prime; _module_preset=\u00a0\u00bbe6504a1b-67eb-4b3d-b023-bcab277610b6&Prime; header_4_font=\u00a0\u00bb|||on|||||\u00a0\u00bb header_4_text_color=\u00a0\u00bb#323232&Prime; header_4_font_size=\u00a0\u00bb30px\u00a0\u00bb header_4_letter_spacing=\u00a0\u00bb0.3em\u00a0\u00bb header_4_line_height=\u00a0\u00bb1.4em\u00a0\u00bb text_orientation=\u00a0\u00bbcenter\u00a0\u00bb custom_margin=\u00a0\u00bb||0px||false|false\u00a0\u00bb custom_padding=\u00a0\u00bb||18px|||\u00a0\u00bb global_colors_info=\u00a0\u00bb{}\u00a0\u00bb]<\/p>\n<h4 style=\"text-align: center;\">CONTACTEZ-NOUS<\/h4>\n<p>[\/et_pb_text][et_pb_text _builder_version=\u00a0\u00bb4.18.0&Prime; _module_preset=\u00a0\u00bbb327cbe4-b1d5-4b66-ad37-40c8f2f061ba\u00a0\u00bb header_2_font=\u00a0\u00bb||on||||||\u00a0\u00bb header_2_text_color=\u00a0\u00bb#000000&Prime; header_2_font_size=\u00a0\u00bb35px\u00a0\u00bb header_2_line_height=\u00a0\u00bb1.2em\u00a0\u00bb text_orientation=\u00a0\u00bbcenter\u00a0\u00bb header_2_font_size_tablet=\u00a0\u00bb32px\u00a0\u00bb header_2_font_size_phone=\u00a0\u00bb20px\u00a0\u00bb header_2_font_size_last_edited=\u00a0\u00bbon|desktop\u00a0\u00bb global_colors_info=\u00a0\u00bb{}\u00a0\u00bb]<\/p>\n<p style=\"text-align: center;\">Les Galeries Kirkland sont situ\u00e9es au 3608 boulevard Saint-Charles \u00e0 Kirkland, au coin du boulevard Brunswick, \u00e0 quelques pas de l\u2019autoroute 40 et des futures stations Kirkland et Fairview du REM.<\/p>\n<p style=\"text-align: center;\">Pour les heures d\u2019ouverture des diff\u00e9rents commerces et entreprises, veuillez vous r\u00e9f\u00e9rez \u00e0 <a href=\"https:\/\/lesgalerieskirkland.com\/fr\/repertoire\/\">notre r\u00e9pertoire<\/a> et t\u00e9l\u00e9phonez pour confirmer avant de vous d\u00e9placer.<\/p>\n<p>[\/et_pb_text][\/et_pb_column][\/et_pb_row][et_pb_row column_structure=\u00a0\u00bb1_2,1_2&Prime; make_equal=\u00a0\u00bbon\u00a0\u00bb _builder_version=\u00a0\u00bb4.18.0&Prime; _module_preset=\u00a0\u00bbdefault\u00a0\u00bb global_colors_info=\u00a0\u00bb{}\u00a0\u00bb][et_pb_column type=\u00a0\u00bb1_2&Prime; _builder_version=\u00a0\u00bb4.18.0&Prime; _module_preset=\u00a0\u00bbdefault\u00a0\u00bb background_color=\u00a0\u00bbRGBA(255,255,255,0)\u00a0\u00bb custom_padding=\u00a0\u00bb20px|20px|20px|20px|true|true\u00a0\u00bb border_width_all=\u00a0\u00bb2px\u00a0\u00bb global_colors_info=\u00a0\u00bb{}\u00a0\u00bb][et_pb_icon font_icon=\u00a0\u00bb&#xf1b9;||fa||900&Prime; icon_color=\u00a0\u00bb#B48C41&Prime; icon_width=\u00a0\u00bb30px\u00a0\u00bb _builder_version=\u00a0\u00bb4.18.0&Prime; _module_preset=\u00a0\u00bbdefault\u00a0\u00bb global_colors_info=\u00a0\u00bb{}\u00a0\u00bb][\/et_pb_icon][et_pb_text _builder_version=\u00a0\u00bb4.18.0&Prime; _module_preset=\u00a0\u00bbe6504a1b-67eb-4b3d-b023-bcab277610b6&Prime; header_4_font=\u00a0\u00bb|||on|||||\u00a0\u00bb header_4_text_color=\u00a0\u00bb#323232&Prime; header_4_font_size=\u00a0\u00bb20px\u00a0\u00bb header_4_letter_spacing=\u00a0\u00bb0.3em\u00a0\u00bb header_4_line_height=\u00a0\u00bb1.4em\u00a0\u00bb text_orientation=\u00a0\u00bbcenter\u00a0\u00bb custom_margin=\u00a0\u00bb||0px||false|false\u00a0\u00bb custom_padding=\u00a0\u00bb||18px|||\u00a0\u00bb global_colors_info=\u00a0\u00bb{}\u00a0\u00bb]<\/p>\n<h4>Par Voiture<\/h4>\n<p>[\/et_pb_text][et_pb_text _builder_version=\u00a0\u00bb4.18.0&Prime; _module_preset=\u00a0\u00bbdefault\u00a0\u00bb global_colors_info=\u00a0\u00bb{}\u00a0\u00bb]<\/p>\n<p style=\"text-align: center;\"><span style=\"font-weight: 400;\"><strong>De l\u2019autoroute 40<\/strong>, prenez la sortie 50 et dirigez-vous en direction nord sur le boulevard Saint-Charles. \u00c0 la lumi\u00e8re, tournez \u00e0 gauche dans le stationnement.<\/span><\/p>\n<p style=\"text-align: center;\"><span style=\"font-weight: 400;\"><strong>De l\u2019autoroute 20<\/strong>, prenez la sortie 48 et dirigez-vous en direction nord sur le boulevard Saint-Charles. \u00c0 la lumi\u00e8re, tournez \u00e0 gauche dans le stationnement. <\/span><\/p>\n<p>[\/et_pb_text][\/et_pb_column][et_pb_column type=\u00a0\u00bb1_2&Prime; _builder_version=\u00a0\u00bb4.18.0&Prime; _module_preset=\u00a0\u00bbdefault\u00a0\u00bb custom_padding=\u00a0\u00bb20px|20px|20px|20px|true|true\u00a0\u00bb border_width_all=\u00a0\u00bb2px\u00a0\u00bb global_colors_info=\u00a0\u00bb{}\u00a0\u00bb][et_pb_icon font_icon=\u00a0\u00bb&#xf207;||fa||900&Prime; icon_color=\u00a0\u00bb#B48C41&Prime; icon_width=\u00a0\u00bb30px\u00a0\u00bb _builder_version=\u00a0\u00bb4.18.0&Prime; _module_preset=\u00a0\u00bbdefault\u00a0\u00bb global_colors_info=\u00a0\u00bb{}\u00a0\u00bb][\/et_pb_icon][et_pb_text _builder_version=\u00a0\u00bb4.18.0&Prime; _module_preset=\u00a0\u00bbe6504a1b-67eb-4b3d-b023-bcab277610b6&Prime; header_4_font=\u00a0\u00bb|||on|||||\u00a0\u00bb header_4_text_color=\u00a0\u00bb#323232&Prime; header_4_font_size=\u00a0\u00bb20px\u00a0\u00bb header_4_letter_spacing=\u00a0\u00bb0.3em\u00a0\u00bb header_4_line_height=\u00a0\u00bb1.4em\u00a0\u00bb text_orientation=\u00a0\u00bbcenter\u00a0\u00bb custom_margin=\u00a0\u00bb||0px||false|false\u00a0\u00bb custom_padding=\u00a0\u00bb||18px|||\u00a0\u00bb global_colors_info=\u00a0\u00bb{}\u00a0\u00bb]<\/p>\n<h4>Par transport en commun<\/h4>\n<p>[\/et_pb_text][et_pb_text _builder_version=\u00a0\u00bb4.18.0&Prime; _module_preset=\u00a0\u00bbdefault\u00a0\u00bb global_colors_info=\u00a0\u00bb{}\u00a0\u00bb]<\/p>\n<p style=\"text-align: center;\"><b>Par autobus: <\/b><span style=\"font-weight: 400;\">Les autobus 219, 217, Express 489 et 218 arr\u00eatent \u00e0 proximit\u00e9 des Galeries Kirkland. <\/span>Pour plus d\u2019information, visitez le <a href=\"https:\/\/www.stm.info\/\"><span>site de la STM<\/span><\/a><span>.<\/span><\/p>\n<p style=\"text-align: center;\"><b>Par REM<\/b><span style=\"font-weight: 400;\">: Lorsque compl\u00e9t\u00e9es, les stations Kirkland et Fairview seront \u00e0 quelques minutes de marche ou d\u2019autobus du centre commercial<\/span><\/p>\n<p>[\/et_pb_text][\/et_pb_column][\/et_pb_row][\/et_pb_section][et_pb_section fb_built=\u00a0\u00bb1&Prime; fullwidth=\u00a0\u00bbon\u00a0\u00bb _builder_version=\u00a0\u00bb4.18.0&Prime; _module_preset=\u00a0\u00bbdefault\u00a0\u00bb global_colors_info=\u00a0\u00bb{}\u00a0\u00bb][et_pb_fullwidth_code _builder_version=\u00a0\u00bb4.18.0&Prime; _module_preset=\u00a0\u00bbdefault\u00a0\u00bb global_colors_info=\u00a0\u00bb{}\u00a0\u00bb]<iframe src=\"https:\/\/www.google.com\/maps\/embed?pb=!1m14!1m8!1m3!1d11194.454549392398!2d-73.8644797!3d45.4574413!3m2!1i1024!2i768!4f13.1!3m3!1m2!1s0x0%3A0x593147431c0308eb!2sLes%20Galeries%20Kirkland!5e0!3m2!1sen!2sca!4v1660759362772!5m2!1sen!2sca\" width=\"2500\" height=\"400\" style=\"border:0;\" allowfullscreen=\"\" loading=\"lazy\" referrerpolicy=\"no-referrer-when-downgrade\"><\/iframe>[\/et_pb_fullwidth_code][\/et_pb_section]<\/p>\n","protected":false},"excerpt":{"rendered":"<p>Nous trouverCONTACTEZ-NOUSLes Galeries Kirkland sont situ\u00e9es au 3608 boulevard Saint-Charles \u00e0 Kirkland, au coin du boulevard Brunswick, \u00e0 quelques pas de l\u2019autoroute 40 et des futures stations Kirkland et Fairview du REM. Pour les heures d\u2019ouverture des diff\u00e9rents commerces et entreprises, veuillez vous r\u00e9f\u00e9rez \u00e0 notre r\u00e9pertoire et t\u00e9l\u00e9phonez pour confirmer avant de vous d\u00e9placer.Par [&hellip;]<\/p>\n","protected":false},"author":1,"featured_media":0,"parent":0,"menu_order":0,"comment_status":"closed","ping_status":"closed","template":"","meta":{"_et_pb_use_builder":"on","_et_pb_old_content":"","_et_gb_content_width":"","footnotes":""},"class_list":["post-372400","page","type-page","status-publish","hentry"],"yoast_head":"<!-- This site is optimized with the Yoast SEO plugin v24.1 - https:\/\/yoast.com\/wordpress\/plugins\/seo\/ -->\n<title>Nous trouver - Les Galeries Kirkland<\/title>\n<meta name=\"robots\" content=\"index, follow, max-snippet:-1, max-image-preview:large, max-video-preview:-1\" \/>\n<link rel=\"canonical\" href=\"https:\/\/lesgalerieskirkland.com\/fr\/nous-trouver\/\" \/>\n<meta property=\"og:locale\" content=\"fr_FR\" \/>\n<meta property=\"og:type\" content=\"article\" \/>\n<meta property=\"og:title\" content=\"Nous trouver - Les Galeries Kirkland\" \/>\n<meta property=\"og:description\" content=\"Nous trouverCONTACTEZ-NOUSLes Galeries Kirkland sont situ\u00e9es au 3608 boulevard Saint-Charles \u00e0 Kirkland, au coin du boulevard Brunswick, \u00e0 quelques pas de l\u2019autoroute 40 et des futures stations Kirkland et Fairview du REM. Pour les heures d\u2019ouverture des diff\u00e9rents commerces et entreprises, veuillez vous r\u00e9f\u00e9rez \u00e0 notre r\u00e9pertoire et t\u00e9l\u00e9phonez pour confirmer avant de vous d\u00e9placer.Par [&hellip;]\" \/>\n<meta property=\"og:url\" content=\"https:\/\/lesgalerieskirkland.com\/fr\/nous-trouver\/\" \/>\n<meta property=\"og:site_name\" content=\"Les Galeries Kirkland\" \/>\n<meta property=\"article:modified_time\" content=\"2022-10-20T18:19:40+00:00\" \/>\n<meta name=\"twitter:card\" content=\"summary_large_image\" \/>\n<meta name=\"twitter:label1\" content=\"Dur\u00e9e de lecture estim\u00e9e\" \/>\n\t<meta name=\"twitter:data1\" content=\"4 minutes\" \/>\n<script type=\"application\/ld+json\" class=\"yoast-schema-graph\">{\"@context\":\"https:\/\/schema.org\",\"@graph\":[{\"@type\":\"WebPage\",\"@id\":\"https:\/\/lesgalerieskirkland.com\/fr\/nous-trouver\/\",\"url\":\"https:\/\/lesgalerieskirkland.com\/fr\/nous-trouver\/\",\"name\":\"Nous trouver - Les Galeries Kirkland\",\"isPartOf\":{\"@id\":\"https:\/\/lesgalerieskirkland.com\/fr\/#website\"},\"datePublished\":\"2022-08-17T16:55:35+00:00\",\"dateModified\":\"2022-10-20T18:19:40+00:00\",\"breadcrumb\":{\"@id\":\"https:\/\/lesgalerieskirkland.com\/fr\/nous-trouver\/#breadcrumb\"},\"inLanguage\":\"fr-FR\",\"potentialAction\":[{\"@type\":\"ReadAction\",\"target\":[\"https:\/\/lesgalerieskirkland.com\/fr\/nous-trouver\/\"]}]},{\"@type\":\"BreadcrumbList\",\"@id\":\"https:\/\/lesgalerieskirkland.com\/fr\/nous-trouver\/#breadcrumb\",\"itemListElement\":[{\"@type\":\"ListItem\",\"position\":1,\"name\":\"Home\",\"item\":\"https:\/\/lesgalerieskirkland.com\/fr\/\"},{\"@type\":\"ListItem\",\"position\":2,\"name\":\"Nous trouver\"}]},{\"@type\":\"WebSite\",\"@id\":\"https:\/\/lesgalerieskirkland.com\/fr\/#website\",\"url\":\"https:\/\/lesgalerieskirkland.com\/fr\/\",\"name\":\"Les Galeries Kirkland\",\"description\":\"A one-stop shop for your family\",\"potentialAction\":[{\"@type\":\"SearchAction\",\"target\":{\"@type\":\"EntryPoint\",\"urlTemplate\":\"https:\/\/lesgalerieskirkland.com\/fr\/?s={search_term_string}\"},\"query-input\":{\"@type\":\"PropertyValueSpecification\",\"valueRequired\":true,\"valueName\":\"search_term_string\"}}],\"inLanguage\":\"fr-FR\"}]}<\/script>\n<!-- \/ Yoast SEO plugin. -->","yoast_head_json":{"title":"Nous trouver - Les Galeries Kirkland","robots":{"index":"index","follow":"follow","max-snippet":"max-snippet:-1","max-image-preview":"max-image-preview:large","max-video-preview":"max-video-preview:-1"},"canonical":"https:\/\/lesgalerieskirkland.com\/fr\/nous-trouver\/","og_locale":"fr_FR","og_type":"article","og_title":"Nous trouver - Les Galeries Kirkland","og_description":"Nous trouverCONTACTEZ-NOUSLes Galeries Kirkland sont situ\u00e9es au 3608 boulevard Saint-Charles \u00e0 Kirkland, au coin du boulevard Brunswick, \u00e0 quelques pas de l\u2019autoroute 40 et des futures stations Kirkland et Fairview du REM. Pour les heures d\u2019ouverture des diff\u00e9rents commerces et entreprises, veuillez vous r\u00e9f\u00e9rez \u00e0 notre r\u00e9pertoire et t\u00e9l\u00e9phonez pour confirmer avant de vous d\u00e9placer.Par [&hellip;]","og_url":"https:\/\/lesgalerieskirkland.com\/fr\/nous-trouver\/","og_site_name":"Les Galeries Kirkland","article_modified_time":"2022-10-20T18:19:40+00:00","twitter_card":"summary_large_image","twitter_misc":{"Dur\u00e9e de lecture estim\u00e9e":"4 minutes"},"schema":{"@context":"https:\/\/schema.org","@graph":[{"@type":"WebPage","@id":"https:\/\/lesgalerieskirkland.com\/fr\/nous-trouver\/","url":"https:\/\/lesgalerieskirkland.com\/fr\/nous-trouver\/","name":"Nous trouver - Les Galeries Kirkland","isPartOf":{"@id":"https:\/\/lesgalerieskirkland.com\/fr\/#website"},"datePublished":"2022-08-17T16:55:35+00:00","dateModified":"2022-10-20T18:19:40+00:00","breadcrumb":{"@id":"https:\/\/lesgalerieskirkland.com\/fr\/nous-trouver\/#breadcrumb"},"inLanguage":"fr-FR","potentialAction":[{"@type":"ReadAction","target":["https:\/\/lesgalerieskirkland.com\/fr\/nous-trouver\/"]}]},{"@type":"BreadcrumbList","@id":"https:\/\/lesgalerieskirkland.com\/fr\/nous-trouver\/#breadcrumb","itemListElement":[{"@type":"ListItem","position":1,"name":"Home","item":"https:\/\/lesgalerieskirkland.com\/fr\/"},{"@type":"ListItem","position":2,"name":"Nous trouver"}]},{"@type":"WebSite","@id":"https:\/\/lesgalerieskirkland.com\/fr\/#website","url":"https:\/\/lesgalerieskirkland.com\/fr\/","name":"Les Galeries Kirkland","description":"A one-stop shop for your family","potentialAction":[{"@type":"SearchAction","target":{"@type":"EntryPoint","urlTemplate":"https:\/\/lesgalerieskirkland.com\/fr\/?s={search_term_string}"},"query-input":{"@type":"PropertyValueSpecification","valueRequired":true,"valueName":"search_term_string"}}],"inLanguage":"fr-FR"}]}},"_links":{"self":[{"href":"https:\/\/lesgalerieskirkland.com\/fr\/wp-json\/wp\/v2\/pages\/372400","targetHints":{"allow":["GET"]}}],"collection":[{"href":"https:\/\/lesgalerieskirkland.com\/fr\/wp-json\/wp\/v2\/pages"}],"about":[{"href":"https:\/\/lesgalerieskirkland.com\/fr\/wp-json\/wp\/v2\/types\/page"}],"author":[{"embeddable":true,"href":"https:\/\/lesgalerieskirkland.com\/fr\/wp-json\/wp\/v2\/users\/1"}],"replies":[{"embeddable":true,"href":"https:\/\/lesgalerieskirkland.com\/fr\/wp-json\/wp\/v2\/comments?post=372400"}],"version-history":[{"count":6,"href":"https:\/\/lesgalerieskirkland.com\/fr\/wp-json\/wp\/v2\/pages\/372400\/revisions"}],"predecessor-version":[{"id":372751,"href":"https:\/\/lesgalerieskirkland.com\/fr\/wp-json\/wp\/v2\/pages\/372400\/revisions\/372751"}],"wp:attachment":[{"href":"https:\/\/lesgalerieskirkland.com\/fr\/wp-json\/wp\/v2\/media?parent=372400"}],"curies":[{"name":"wp","href":"https:\/\/api.w.org\/{rel}","templated":true}]}}