{"id":372412,"date":"2022-09-22T23:03:19","date_gmt":"2022-09-22T23:03:19","guid":{"rendered":"https:\/\/lesgalerieskirkland.com\/terms-conditions\/"},"modified":"2022-10-08T01:06:52","modified_gmt":"2022-10-08T01:06:52","slug":"terms-conditions","status":"publish","type":"page","link":"https:\/\/lesgalerieskirkland.com\/fr\/terms-conditions\/","title":{"rendered":"Terms &amp; Conditions"},"content":{"rendered":"<p>[et_pb_section fb_built=\u00a0\u00bb1&Prime; admin_label=\u00a0\u00bbHeader\u00a0\u00bb _builder_version=\u00a0\u00bb4.18.0&Prime; use_background_color_gradient=\u00a0\u00bbon\u00a0\u00bb background_color_gradient_stops=\u00a0\u00bbrgba(0,0,0,0.85) 35%|rgba(224,153,0,0) 100%\u00a0\u00bb background_color_gradient_overlays_image=\u00a0\u00bbon\u00a0\u00bb background_color_gradient_start=\u00a0\u00bbrgba(0,0,0,0.65)\u00a0\u00bb background_color_gradient_end=\u00a0\u00bbrgba(224,153,0,0)\u00a0\u00bb background_image=\u00a0\u00bbhttps:\/\/lesgalerieskirkland.com\/wp-content\/uploads\/2022\/08\/galeries-kirkland_retail-mall.jpg\u00a0\u00bb custom_margin=\u00a0\u00bb-78px||||false|false\u00a0\u00bb custom_padding=\u00a0\u00bb8vw||8vw||true|false\u00a0\u00bb bottom_divider_style=\u00a0\u00bbslant2&Prime; bottom_divider_color=\u00a0\u00bbrgba(0,0,0,0.38)\u00a0\u00bb bottom_divider_height=\u00a0\u00bb100%\u00a0\u00bb bottom_divider_flip=\u00a0\u00bbhorizontal\u00a0\u00bb global_colors_info=\u00a0\u00bb{}\u00a0\u00bb][et_pb_row _builder_version=\u00a0\u00bb4.18.0&Prime; width=\u00a0\u00bb70%\u00a0\u00bb module_alignment=\u00a0\u00bbcenter\u00a0\u00bb custom_margin=\u00a0\u00bb|auto||219px||\u00a0\u00bb custom_padding=\u00a0\u00bb0|0px|0|0px|true|false\u00a0\u00bb border_color_all=\u00a0\u00bb#ffa53b\u00a0\u00bb global_colors_info=\u00a0\u00bb{}\u00a0\u00bb][et_pb_column type=\u00a0\u00bb4_4&Prime; _builder_version=\u00a0\u00bb4.18.0&Prime; custom_padding=\u00a0\u00bb|||\u00a0\u00bb global_colors_info=\u00a0\u00bb{}\u00a0\u00bb custom_padding__hover=\u00a0\u00bb|||\u00a0\u00bb][et_pb_text _builder_version=\u00a0\u00bb4.18.0&Prime; header_font=\u00a0\u00bb|||on|||||\u00a0\u00bb header_text_align=\u00a0\u00bbcenter\u00a0\u00bb header_text_color=\u00a0\u00bb#F6F3EF\u00a0\u00bb header_font_size=\u00a0\u00bb40px\u00a0\u00bb header_letter_spacing=\u00a0\u00bb0.1em\u00a0\u00bb header_line_height=\u00a0\u00bb1.4em\u00a0\u00bb background_enable_color=\u00a0\u00bboff\u00a0\u00bb custom_margin=\u00a0\u00bb||0px\u00a0\u00bb custom_padding=\u00a0\u00bb9px|10px|9px|20px|true|false\u00a0\u00bb hover_enabled=\u00a0\u00bb0&Prime; header_font_size_tablet=\u00a0\u00bb40px\u00a0\u00bb header_font_size_phone=\u00a0\u00bb30px\u00a0\u00bb header_font_size_last_edited=\u00a0\u00bbon|phone\u00a0\u00bb global_colors_info=\u00a0\u00bb{}\u00a0\u00bb sticky_enabled=\u00a0\u00bb0&Prime;]<\/p>\n<h1>CONDITIONS G\u00c9N\u00c9RALES<\/h1>\n<p>[\/et_pb_text][et_pb_divider color=\u00a0\u00bb#B48C41&Prime; divider_weight=\u00a0\u00bb4px\u00a0\u00bb _builder_version=\u00a0\u00bb4.18.0&Prime; _module_preset=\u00a0\u00bbdefault\u00a0\u00bb width=\u00a0\u00bb150px\u00a0\u00bb module_alignment=\u00a0\u00bbcenter\u00a0\u00bb global_colors_info=\u00a0\u00bb{}\u00a0\u00bb][\/et_pb_divider][\/et_pb_column][\/et_pb_row][\/et_pb_section][et_pb_section fb_built=\u00a0\u00bb1&Prime; _builder_version=\u00a0\u00bb4.18.0&Prime; _module_preset=\u00a0\u00bbdefault\u00a0\u00bb global_colors_info=\u00a0\u00bb{}\u00a0\u00bb][et_pb_row _builder_version=\u00a0\u00bb4.18.0&Prime; _module_preset=\u00a0\u00bbdefault\u00a0\u00bb global_colors_info=\u00a0\u00bb{}\u00a0\u00bb][et_pb_column type=\u00a0\u00bb4_4&Prime; _builder_version=\u00a0\u00bb4.18.0&Prime; _module_preset=\u00a0\u00bbdefault\u00a0\u00bb global_colors_info=\u00a0\u00bb{}\u00a0\u00bb][et_pb_text _builder_version=\u00a0\u00bb4.18.0&Prime; _module_preset=\u00a0\u00bbb327cbe4-b1d5-4b66-ad37-40c8f2f061ba\u00a0\u00bb header_2_font=\u00a0\u00bb||on||||||\u00a0\u00bb header_2_text_color=\u00a0\u00bb#000000&Prime; header_2_font_size=\u00a0\u00bb35px\u00a0\u00bb header_2_line_height=\u00a0\u00bb1.2em\u00a0\u00bb hover_enabled=\u00a0\u00bb0&Prime; header_2_font_size_tablet=\u00a0\u00bb32px\u00a0\u00bb header_2_font_size_phone=\u00a0\u00bb20px\u00a0\u00bb header_2_font_size_last_edited=\u00a0\u00bbon|desktop\u00a0\u00bb global_colors_info=\u00a0\u00bb{}\u00a0\u00bb sticky_enabled=\u00a0\u00bb0&Prime;]<\/p>\n<p style=\"text-align: center;\">Les pr\u00e9sentes conditions g\u00e9n\u00e9rales r\u00e9gissent l\u2019utilisation de ce site lesgalerieskirkland.com.<\/p>\n<p style=\"text-align: center;\">Ce site appartient et est g\u00e9r\u00e9 par Les Galeries Kirkland<\/p>\n<p style=\"text-align: center;\">En utilisant ce site, vous indiquez que vous avez lu et compris les conditions d\u2019utilisation et que vous acceptez de les respecter en tout temps.<\/p>\n<p style=\"text-align: center;\">Type de site : vitrine<\/p>\n<p>&nbsp;<\/p>\n<h1>Propri\u00e9t\u00e9 intellectuelle<\/h1>\n<p>Tout contenu publi\u00e9 et mis \u00e0 disposition sur ce site est la propri\u00e9t\u00e9 de Les Galeries Kirkland et de ses cr\u00e9ateurs. Cela comprend, mais n\u2019est pas limit\u00e9 aux images, textes, logos, documents, fichiers t\u00e9l\u00e9chargeables et tout ce qui contribue \u00e0 la composition de ce site.<\/p>\n<p>&nbsp;<\/p>\n<h1>Limitation de responsabilit\u00e9<\/h1>\n<p>Les Galeries Kirkland ou l\u2019un de ses employ\u00e9s sera tenu responsable de tout probl\u00e8me d\u00e9coulant de ce site. N\u00e9anmoins, Les Galeries Kirkland et ses employ\u00e9s ne seront pas tenus responsables de tout probl\u00e8me d\u00e9coulant de toute utilisation irr\u00e9guli\u00e8re de ce site.<\/p>\n<p>&nbsp;<\/p>\n<h1>Indemnit\u00e9<\/h1>\n<p>En tant qu\u2019utilisateur, vous indemnisez par les pr\u00e9sentes Les Galeries Kirkland de toute responsabilit\u00e9, de tout co\u00fbt, de toute cause d\u2019action, de tout dommage ou de toute d\u00e9pense d\u00e9coulant de votre utilisation de ce site ou de votre violation de l\u2019une des dispositions \u00e9nonc\u00e9es dans le pr\u00e9sent document.<\/p>\n<p>&nbsp;<\/p>\n<h1>Lois applicables<\/h1>\n<p>Ce document est soumis aux lois applicables du Canada et vise \u00e0 se conformer \u00e0 ses r\u00e8gles et r\u00e8glements n\u00e9cessaires.<\/p>\n<p>Pour les r\u00e9sidents de l\u2019UE, le RGPD est la loi applicable qui r\u00e9git ce document. En cas d\u2019incompatibilit\u00e9 entre une disposition du pr\u00e9sent document et le RGPD, les r\u00e8gles du RGPD auront pr\u00e9s\u00e9ance.<\/p>\n<p>&nbsp;<\/p>\n<h1>Divisibilit\u00e9<\/h1>\n<p>Si, \u00e0 tout moment, l\u2019une des dispositions \u00e9nonc\u00e9es dans le pr\u00e9sent document est jug\u00e9e incompatible ou invalide en vertu des lois applicables, ces dispositions seront consid\u00e9r\u00e9es comme nulles et seront retir\u00e9es du pr\u00e9sent document. Toutes les autres dispositions ne seront pas touch\u00e9es par les lois et le reste du document sera toujours consid\u00e9r\u00e9 comme valide.<\/p>\n<p>&nbsp;<\/p>\n<h1>Modifications<\/h1>\n<p>Ces conditions g\u00e9n\u00e9rales peuvent \u00eatre modifi\u00e9es de temps \u00e0 autre afin de maintenir le respect de la loi et de refl\u00e9ter tout changement \u00e0 la fa\u00e7on dont nous g\u00e9rons notre site et la fa\u00e7on dont nous nous attendons \u00e0 ce que les utilisateurs se comportent sur notre site. Nous recommandons \u00e0 nos utilisateurs de v\u00e9rifier ces conditions g\u00e9n\u00e9rales de temps \u00e0 autre pour s\u2019assurer qu\u2019ils sont inform\u00e9s de toute mise \u00e0 jour. Au besoin, nous informerons les utilisateurs par courriel des changements apport\u00e9s \u00e0 ces conditions ou nous afficherons un avis sur notre site.<\/p>\n<p>&nbsp;<\/p>\n<h1><span>Contact\u00a0<\/span><\/h1>\n<p>Veuillez communiquer avec nous si vous avez des questions ou des pr\u00e9occupations. Nos coordonn\u00e9es sont les suivantes :<\/p>\n<p>(514) 695-2823<br \/>info@lesgalerieskirkland.com<br \/>3608 boulevard Saint-Charles, Kirkland, QC H9H 3C3<\/p>\n<p>Date d&rsquo;entr\u00e9e en vigueur : le 1 octobre 2022.<\/p>\n<p>[\/et_pb_text][\/et_pb_column][\/et_pb_row][\/et_pb_section]<\/p>\n","protected":false},"excerpt":{"rendered":"<p>CONDITIONS G\u00c9N\u00c9RALESLes pr\u00e9sentes conditions g\u00e9n\u00e9rales r\u00e9gissent l\u2019utilisation de ce site lesgalerieskirkland.com. Ce site appartient et est g\u00e9r\u00e9 par Les Galeries Kirkland En utilisant ce site, vous indiquez que vous avez lu et compris les conditions d\u2019utilisation et que vous acceptez de les respecter en tout temps. Type de site : vitrine &nbsp; Propri\u00e9t\u00e9 intellectuelle Tout [&hellip;]<\/p>\n","protected":false},"author":1,"featured_media":0,"parent":0,"menu_order":0,"comment_status":"closed","ping_status":"closed","template":"","meta":{"_et_pb_use_builder":"on","_et_pb_old_content":"","_et_gb_content_width":"","footnotes":""},"class_list":["post-372412","page","type-page","status-publish","hentry"],"yoast_head":"<!-- This site is optimized with the Yoast SEO plugin v24.1 - https:\/\/yoast.com\/wordpress\/plugins\/seo\/ -->\n<title>Terms &amp; Conditions - Les Galeries Kirkland<\/title>\n<meta name=\"robots\" content=\"index, follow, max-snippet:-1, max-image-preview:large, max-video-preview:-1\" \/>\n<link rel=\"canonical\" href=\"https:\/\/lesgalerieskirkland.com\/fr\/terms-conditions\/\" \/>\n<meta property=\"og:locale\" content=\"fr_FR\" \/>\n<meta property=\"og:type\" content=\"article\" \/>\n<meta property=\"og:title\" content=\"Terms &amp; Conditions - Les Galeries Kirkland\" \/>\n<meta property=\"og:description\" content=\"CONDITIONS G\u00c9N\u00c9RALESLes pr\u00e9sentes conditions g\u00e9n\u00e9rales r\u00e9gissent l\u2019utilisation de ce site lesgalerieskirkland.com. Ce site appartient et est g\u00e9r\u00e9 par Les Galeries Kirkland En utilisant ce site, vous indiquez que vous avez lu et compris les conditions d\u2019utilisation et que vous acceptez de les respecter en tout temps. Type de site : vitrine &nbsp; Propri\u00e9t\u00e9 intellectuelle Tout [&hellip;]\" \/>\n<meta property=\"og:url\" content=\"https:\/\/lesgalerieskirkland.com\/fr\/terms-conditions\/\" \/>\n<meta property=\"og:site_name\" content=\"Les Galeries Kirkland\" \/>\n<meta property=\"article:modified_time\" content=\"2022-10-08T01:06:52+00:00\" \/>\n<meta name=\"twitter:card\" content=\"summary_large_image\" \/>\n<meta name=\"twitter:label1\" content=\"Dur\u00e9e de lecture estim\u00e9e\" \/>\n\t<meta name=\"twitter:data1\" content=\"4 minutes\" \/>\n<script type=\"application\/ld+json\" class=\"yoast-schema-graph\">{\"@context\":\"https:\/\/schema.org\",\"@graph\":[{\"@type\":\"WebPage\",\"@id\":\"https:\/\/lesgalerieskirkland.com\/fr\/terms-conditions\/\",\"url\":\"https:\/\/lesgalerieskirkland.com\/fr\/terms-conditions\/\",\"name\":\"Terms &amp; Conditions - Les Galeries Kirkland\",\"isPartOf\":{\"@id\":\"https:\/\/lesgalerieskirkland.com\/fr\/#website\"},\"datePublished\":\"2022-09-22T23:03:19+00:00\",\"dateModified\":\"2022-10-08T01:06:52+00:00\",\"breadcrumb\":{\"@id\":\"https:\/\/lesgalerieskirkland.com\/fr\/terms-conditions\/#breadcrumb\"},\"inLanguage\":\"fr-FR\",\"potentialAction\":[{\"@type\":\"ReadAction\",\"target\":[\"https:\/\/lesgalerieskirkland.com\/fr\/terms-conditions\/\"]}]},{\"@type\":\"BreadcrumbList\",\"@id\":\"https:\/\/lesgalerieskirkland.com\/fr\/terms-conditions\/#breadcrumb\",\"itemListElement\":[{\"@type\":\"ListItem\",\"position\":1,\"name\":\"Home\",\"item\":\"https:\/\/lesgalerieskirkland.com\/fr\/\"},{\"@type\":\"ListItem\",\"position\":2,\"name\":\"Terms &amp; Conditions\"}]},{\"@type\":\"WebSite\",\"@id\":\"https:\/\/lesgalerieskirkland.com\/fr\/#website\",\"url\":\"https:\/\/lesgalerieskirkland.com\/fr\/\",\"name\":\"Les Galeries Kirkland\",\"description\":\"A one-stop shop for your family\",\"potentialAction\":[{\"@type\":\"SearchAction\",\"target\":{\"@type\":\"EntryPoint\",\"urlTemplate\":\"https:\/\/lesgalerieskirkland.com\/fr\/?s={search_term_string}\"},\"query-input\":{\"@type\":\"PropertyValueSpecification\",\"valueRequired\":true,\"valueName\":\"search_term_string\"}}],\"inLanguage\":\"fr-FR\"}]}<\/script>\n<!-- \/ Yoast SEO plugin. -->","yoast_head_json":{"title":"Terms &amp; Conditions - Les Galeries Kirkland","robots":{"index":"index","follow":"follow","max-snippet":"max-snippet:-1","max-image-preview":"max-image-preview:large","max-video-preview":"max-video-preview:-1"},"canonical":"https:\/\/lesgalerieskirkland.com\/fr\/terms-conditions\/","og_locale":"fr_FR","og_type":"article","og_title":"Terms &amp; Conditions - Les Galeries Kirkland","og_description":"CONDITIONS G\u00c9N\u00c9RALESLes pr\u00e9sentes conditions g\u00e9n\u00e9rales r\u00e9gissent l\u2019utilisation de ce site lesgalerieskirkland.com. Ce site appartient et est g\u00e9r\u00e9 par Les Galeries Kirkland En utilisant ce site, vous indiquez que vous avez lu et compris les conditions d\u2019utilisation et que vous acceptez de les respecter en tout temps. Type de site : vitrine &nbsp; Propri\u00e9t\u00e9 intellectuelle Tout [&hellip;]","og_url":"https:\/\/lesgalerieskirkland.com\/fr\/terms-conditions\/","og_site_name":"Les Galeries Kirkland","article_modified_time":"2022-10-08T01:06:52+00:00","twitter_card":"summary_large_image","twitter_misc":{"Dur\u00e9e de lecture estim\u00e9e":"4 minutes"},"schema":{"@context":"https:\/\/schema.org","@graph":[{"@type":"WebPage","@id":"https:\/\/lesgalerieskirkland.com\/fr\/terms-conditions\/","url":"https:\/\/lesgalerieskirkland.com\/fr\/terms-conditions\/","name":"Terms &amp; Conditions - Les Galeries Kirkland","isPartOf":{"@id":"https:\/\/lesgalerieskirkland.com\/fr\/#website"},"datePublished":"2022-09-22T23:03:19+00:00","dateModified":"2022-10-08T01:06:52+00:00","breadcrumb":{"@id":"https:\/\/lesgalerieskirkland.com\/fr\/terms-conditions\/#breadcrumb"},"inLanguage":"fr-FR","potentialAction":[{"@type":"ReadAction","target":["https:\/\/lesgalerieskirkland.com\/fr\/terms-conditions\/"]}]},{"@type":"BreadcrumbList","@id":"https:\/\/lesgalerieskirkland.com\/fr\/terms-conditions\/#breadcrumb","itemListElement":[{"@type":"ListItem","position":1,"name":"Home","item":"https:\/\/lesgalerieskirkland.com\/fr\/"},{"@type":"ListItem","position":2,"name":"Terms &amp; Conditions"}]},{"@type":"WebSite","@id":"https:\/\/lesgalerieskirkland.com\/fr\/#website","url":"https:\/\/lesgalerieskirkland.com\/fr\/","name":"Les Galeries Kirkland","description":"A one-stop shop for your family","potentialAction":[{"@type":"SearchAction","target":{"@type":"EntryPoint","urlTemplate":"https:\/\/lesgalerieskirkland.com\/fr\/?s={search_term_string}"},"query-input":{"@type":"PropertyValueSpecification","valueRequired":true,"valueName":"search_term_string"}}],"inLanguage":"fr-FR"}]}},"_links":{"self":[{"href":"https:\/\/lesgalerieskirkland.com\/fr\/wp-json\/wp\/v2\/pages\/372412","targetHints":{"allow":["GET"]}}],"collection":[{"href":"https:\/\/lesgalerieskirkland.com\/fr\/wp-json\/wp\/v2\/pages"}],"about":[{"href":"https:\/\/lesgalerieskirkland.com\/fr\/wp-json\/wp\/v2\/types\/page"}],"author":[{"embeddable":true,"href":"https:\/\/lesgalerieskirkland.com\/fr\/wp-json\/wp\/v2\/users\/1"}],"replies":[{"embeddable":true,"href":"https:\/\/lesgalerieskirkland.com\/fr\/wp-json\/wp\/v2\/comments?post=372412"}],"version-history":[{"count":3,"href":"https:\/\/lesgalerieskirkland.com\/fr\/wp-json\/wp\/v2\/pages\/372412\/revisions"}],"predecessor-version":[{"id":372419,"href":"https:\/\/lesgalerieskirkland.com\/fr\/wp-json\/wp\/v2\/pages\/372412\/revisions\/372419"}],"wp:attachment":[{"href":"https:\/\/lesgalerieskirkland.com\/fr\/wp-json\/wp\/v2\/media?parent=372412"}],"curies":[{"name":"wp","href":"https:\/\/api.w.org\/{rel}","templated":true}]}}